{"id":1663,"date":"2021-01-14T16:03:10","date_gmt":"2021-01-14T15:03:10","guid":{"rendered":"https:\/\/www.flottspa.it\/?page_id=1663"},"modified":"2021-01-14T16:03:11","modified_gmt":"2021-01-14T15:03:11","slug":"cookie-policy","status":"publish","type":"page","link":"https:\/\/www.flottspa.it\/en\/cookie-policy\/","title":{"rendered":"Cookie policy"},"content":{"rendered":"<section class=\"container\">Il sito web di flottspa.it che rimanda alla presente Policy sui Cookies (il \u201cSito\u201d), \u00e8 gestito da Flott Spa (\u201ctitolare\u201d, \u201cnoi\u201d, \u201cci\u201d, \u201cnostro\u201d). La presente policy sui cookies (\u201cPolicy sui Cookies\u201d) deve essere letta insieme alla nostra Privacy Policy. Ti invitiamo a consultare la nostra Privacy Policy per ulteriori informazioni su che cosa facciamo (e che cosa non facciamo) con i tuoi dati personali e sull\u2019importanza con cui consideriamo la protezione della tua privacy. Abbiamo predisposto la seguente Policy sui Cookies per descrivere i tipi di cookies e altre tecnologie usate sul nostro Sito e sulla nostra piattaforma e per descrivere i motivi e le condizioni di utilizzo dei cookies. Ti preghiamo di notare che non possiamo offrire il nostro Sito o i nostri Servizi senza inviare sul tuo dispositivo alcuni dei nostri cookies e\/o simili tecnologie. Pertanto tu ci autorizzi a usare i cookies quando utilizzi il nostro Sito e i nostri Servizi. Tuttavia, puoi evitare alcuni cookies configurando le impostazioni del tuo browser oppure rifiutando direttamente rispetto a terzi.<\/p>\n<h2>Modalit\u00e0 di notifica all\u2019utente e di ottenimento del suo consenso<\/h2>\n<p>Quando si visita per la prima volta il Sito, viene visualizzato un banner nella parte inferiore dello schermo per informare che il Sito utilizza i cookie descritti nella presente Policy. Il banner richiede all\u2019utente se desidera ulteriori informazioni e contiene un collegamento per aprire la pagina corrispondente. Qualora si decida di ignorare la notifica e si continui a utilizzare il Sito, questi memorizzer\u00e0 un cookie sul computer dell\u2019utente per registrare tale scelta e la successiva navigazione del sito Web verr\u00e0 considerata un consenso all\u2019utilizzo dei cookie utilizzati sul sito Web in questione. Il banner di notifica non verr\u00e0 visualizzato nuovamente sullo schermo alle future visite al sito Web, ma gli utenti hanno la possibilit\u00e0 di rimuovere i cookie in qualsiasi momento, attraverso le impostazioni del browser.<\/p>\n<p>Qualora si decidesse di rimuovere parzialmente o totalmente i cookie, \u00e8 bene ricordare che l\u2019utilizzo del sito Web pu\u00f2 essere influenzato dalla rimozione dei cookie e, se il computer sul quale si disattivano i cookie \u00e8 condiviso, tale rimozione influir\u00e0 su tutti gli utenti che impiegano tale computer.<\/p>\n<p>La sezione Guida del browser Web dovrebbe contenere informazioni sulla gestione delle impostazioni per i cookie.<\/p>\n<h2>Dove \u00e8 possibile trovare ulteriori informazioni sui cookie<\/h2>\n<p>Garante per la Protezione dei dati Personali:<br \/>\n<a href=\"http:\/\/www.garanteprivacy.it\/web\/guest\/home\/docweb\/-\/docweb-display\/docweb\/2145979\" target=\"_blank\" rel=\"noopener\">http:\/\/www.garanteprivacy.it\/web\/guest\/home\/docweb\/-\/docweb-display\/docweb\/2145979<\/a><\/p>\n<p>Il titolare non \u00e8 responsabile del contenuto di siti Web esterni di terzi che possono impostare o non impostare cookie.<\/p>\n<h2>Che cosa sono i Cookies?<\/h2>\n<p>I cookies sono piccoli file di testo che si trovano sulla directory del tuo browser. Quando si accede a un sito web, un cookie che viene inviato sul dispositivo tramite cui si accede al sito web invia informazioni al browser. I cookies sono molto comuni e sono utilizzati su numerosi siti web. Questo accade poich\u00e8 i cookies permettono a chi gestisce il sito web di fare cose utili; per esempio, un cookie consente al gestore di un sito web di sapere se un computer (e probabilmente il relativo utente) ha visitato il sito web in precedenza. In genere, la finalit\u00e0 dei cookies \u00e8 migliorare il funzionamento del sito web e l\u2019esperienza dell\u2019utente nell\u2019utilizzo dello stesso, anche se i cookies possono anche inviare messaggi pubblicitari (come di seguito specificato). Per maggiori informazioni su che cosa sono i cookies e come funzionano, potete consultare il sito web <a href=\"http:\/\/www.allaboutcookies.org\/\" target=\"_blank\" rel=\"noopener\">All About Cookies<\/a> (Sito in Inglese).<\/p>\n<h2>Tipi di cookie<\/h2>\n<p>Cookie essenziali<\/p>\n<p>Questi cookie sono essenziali per consentirti di navigare nel Sito e utilizzare tutte le funzionalit\u00e0. Senza questi cookie, che sono assolutamente necessari, non saremmo in grado di fornirti alcuni servizi o funzioni e la navigazione sul Sito non sarebbe agevole e facile come dovrebbe essere.<\/p>\n<p>Performance cookie<\/p>\n<p>I performance cookie, che talvolta sono chiamati anche analytics cookie, raccolgono informazioni circa l\u2019utilizzo che fai del Sito e ci consentono di migliorarne il funzionamento. Ad esempio i performance cookie ci mostrano quali sono le pagine pi\u00f9 frequentemente visitate, ci consentono di verificare quali sono gli schemi ricorrenti d\u2019utilizzo del Sito, e ci aiutano a comprendere ogni difficolt\u00e0 che incontri nell\u2019utilizzo del Sito.<\/p>\n<p>Functionality cookie<\/p>\n<p>In alcune circostanze potremmo usare Functionality cookie. I Functionality cookie ci consentono di ricordare le scelte che fai sul Sito e\/o i servizi che espressamente richiedi, allo scopo di fornirti servizi pi\u00f9 avanzati e pi\u00f9 personalizzati, come ad esempio personalizzare una certa pagina o ricordarci se ti abbiamo chiesto di partecipare ad una promozione.<\/p>\n<h2>Cookie utilizzati dal Sito<\/h2>\n<p>Al fine di utilizzare al meglio il Sito, \u00e8 necessario che il vostro computer, tablet o cellulare accetti i cookie, in quanto solo abilitandoli potrete usufruire di alcune funzioni personalizzate del nostro sito web.<\/p>\n<p>I nostri cookie non memorizzano informazioni sensibili come nome e cognome, indirizzo o dati relativi ai pagamenti: essi si limitano semplicemente a custodire una sorta di \u201cchiave\u201d che, dopo la vostra registrazione, verr\u00e0 associata a tali informazioni. Tuttavia, se preferite limitare, bloccare o cancellare i cookie del Sito o di qualsiasi altro sito web, potete farlo direttamente tramite il vostro browser. Poich\u00e9 ogni browser \u00e8 diverso, \u00e8 necessario entrare nel menu \u201cAiuto\u201d del vostro browser specifico o consultare il manuale del vostro telefono cellulare per sapere come modificare le preferenze relative ai cookie.<br \/>\nEcco un elenco dei cookie principali utilizzati e delle relative finalit\u00e0.<\/p>\n<table cellspacing=\"3\" cellpadding=\"10\" border=\"1\">\n<colgroup>\n<col>\n<col> <\/colgroup>\n<tbody>\n<tr>\n<td>Nome del cookie<\/td>\n<td>Finalit\u00e0 del cookie<\/td>\n<\/tr>\n<tr>\n<td>Google Analytics __utmv<\/td>\n<td>Attraverso Google Analytics possiamo creare segmentazioni utente personalizzate basate sul comportamento degli utenti sul sito web predefinito. Questo cookie ci aiuta ad assegnare un visitatore di un segmento specifico e ci forniscono i dati analitici che usiamo per migliorare il sito.<\/td>\n<\/tr>\n<tr>\n<td>Google Analytics __utma<\/td>\n<td>Questo cookie registra la prima e l\u2019ultima visita di un surfista al sito. Questo aiuta distinguere unico da visitatori ricorrenti, cos\u00ec come il numero di visite ricorrenti.<\/td>\n<\/tr>\n<tr>\n<td>Google Analytics __utmb and Google Analytics __utmc<\/td>\n<td>Questi cookies lavorare insieme al fine di definire la durata di una visita a un sito web. Il cookie UTMB __ prende un timestamp del momento un visitatore entra nel sito. Il cookie __ utmc prende un timestamp del momento un visitatore lascia il sito.<\/td>\n<\/tr>\n<tr>\n<td>Google Analytics __utmz<\/td>\n<td>Questo cookie tiene traccia delle informazioni turistiche specifiche: da dove viene il visitatore provengono, quale motore di ricerca utilizzato il visitatore, che parola chiave il visitatore \u00e8 entrato e qual \u00e8 la posizione geografica del visitatore. Noi usiamo queste informazioni per migliorare i servizi che offriamo a voi.<\/td>\n<\/tr>\n<\/tbody>\n<\/table>\n<h2>Cookie di terzi presenti sul Sito<\/h2>\n<p>Vi ricordiamo che mentre visitate il Sito potreste notare alcuni cookie non correlati al nostro sito. Durante la consultazione di una pagina in cui sono stati inseriti contenuti provenienti, ad esempio, da Facebook o YouTube, potrebbero apparire dei cookie di questi siti web. Il Sito non \u00e8 in grado di controllare la diffusione di tali cookie.<br \/>\nPer avere maggiori informazioni su tali cookie consultate i relativi siti web.<\/p>\n<h2>Gli strumenti di condivisione del Sito<\/h2>\n<p>Se decidete di condividere i contenuti del Sito con i vostri amici attraverso social network, quando questa funzionalit\u00e0 \u00e8 presente, questi siti web potrebbero inviarvi dei cookie. Non siamo in grado di controllare l\u2019impostazione di questi cookie, vi suggeriamo pertanto di visitare i relativi siti web per avere maggiori informazioni sui loro cookie e su come li gestiscono.<\/p>\n<h2>Come posso controllare o cancellare i cookie?<\/h2>\n<p>La maggioranza dei browser internet sono inizialmente impostati per accettare i cookie in modo automatico. Potete modificare queste impostazioni per bloccare i cookie o per avvertirvi che dei cookie vengono mandati al vostro dispositivo. Esistono svariati modi per gestire i cookie.<\/p>\n<p>Per limitare il ricevimento di cookie tramite il browser visita i seguenti siti per comprendere come impedire al tuo dispositivo di ricevere i cookie (a seconda del browser che adoperi): <a href=\"http:\/\/support.mozilla.org\/en-US\/kb\/cookies-information-websites-store-on-your-computer\" target=\"_blank\" rel=\"noopener\">Firefox<\/a>; <a href=\"http:\/\/support.microsoft.com\/kb\/196955\" target=\"_blank\" rel=\"noopener\">Internet Explorer<\/a>; <a href=\"http:\/\/support.google.com\/chrome\/bin\/answer.py?hl=en&amp;answer=95647\" target=\"_blank\" rel=\"noopener\">Google Chrome<\/a> e <a href=\"http:\/\/support.apple.com\/kb\/PH5042\" target=\"_blank\" rel=\"noopener\">Safari<\/a>.<\/p>\n<p>Se disabilitate i cookie di cui facciamo uso, ci\u00f2 potrebbe influenzare la vostra esperienza mentre vi trovate sul Sito, per esempio potreste non essere in grado di visitare certe sezioni o potreste non ricevere informazioni personalizzate quando visitate il Sito.<br \/>\nSe usate dispositivi diversi tra loro per visualizzare e accedere ai Siti Internet (per esempio, computer, smartphone, tablet, ecc.), dovrete assicurarvi che ciascun browser su ciascun dispositivo sia regolato per riflettere le vostre preferenze relative ai cookie.<\/p>\n<\/section>\n","protected":false},"excerpt":{"rendered":"<p>Il sito web di flottspa.it che rimanda alla presente Policy sui Cookies (il \u201cSito\u201d), \u00e8 gestito da Flott Spa (\u201ctitolare\u201d, \u201cnoi\u201d, \u201cci\u201d, \u201cnostro\u201d). La presente policy sui cookies (\u201cPolicy sui [&hellip;]<\/p>\n","protected":false},"author":1,"featured_media":0,"parent":0,"menu_order":0,"comment_status":"closed","ping_status":"closed","template":"","meta":{"_acf_changed":false,"footnotes":""},"class_list":["post-1663","page","type-page","status-publish","hentry"],"acf":[],"yoast_head":"<!-- This site is optimized with the Yoast SEO plugin v27.3 - https:\/\/yoast.com\/product\/yoast-seo-wordpress\/ -->\n<title>Cookie policy - Flott Spa<\/title>\n<meta name=\"robots\" content=\"index, follow, max-snippet:-1, max-image-preview:large, max-video-preview:-1\" \/>\n<link rel=\"canonical\" href=\"https:\/\/www.flottspa.it\/cookie-policy\/\" \/>\n<meta property=\"og:locale\" content=\"en_US\" \/>\n<meta property=\"og:type\" content=\"article\" \/>\n<meta property=\"og:title\" content=\"Cookie policy - Flott Spa\" \/>\n<meta property=\"og:description\" content=\"Il sito web di flottspa.it che rimanda alla presente Policy sui Cookies (il \u201cSito\u201d), \u00e8 gestito da Flott Spa (\u201ctitolare\u201d, \u201cnoi\u201d, \u201cci\u201d, \u201cnostro\u201d). La presente policy sui cookies (\u201cPolicy sui [&hellip;]\" \/>\n<meta property=\"og:url\" content=\"https:\/\/www.flottspa.it\/cookie-policy\/\" \/>\n<meta property=\"og:site_name\" content=\"Flott Spa\" \/>\n<meta property=\"article:modified_time\" content=\"2021-01-14T15:03:11+00:00\" \/>\n<meta name=\"twitter:card\" content=\"summary_large_image\" \/>\n<meta name=\"twitter:label1\" content=\"Est. reading time\" \/>\n\t<meta name=\"twitter:data1\" content=\"7 minutes\" \/>\n<script type=\"application\/ld+json\" class=\"yoast-schema-graph\">{\"@context\":\"https:\\\/\\\/schema.org\",\"@graph\":[{\"@type\":\"WebPage\",\"@id\":\"https:\\\/\\\/www.flottspa.it\\\/cookie-policy\\\/\",\"url\":\"https:\\\/\\\/www.flottspa.it\\\/cookie-policy\\\/\",\"name\":\"Cookie policy - Flott Spa\",\"isPartOf\":{\"@id\":\"https:\\\/\\\/www.flottspa.it\\\/#website\"},\"datePublished\":\"2021-01-14T15:03:10+00:00\",\"dateModified\":\"2021-01-14T15:03:11+00:00\",\"breadcrumb\":{\"@id\":\"https:\\\/\\\/www.flottspa.it\\\/cookie-policy\\\/#breadcrumb\"},\"inLanguage\":\"en-US\",\"potentialAction\":[{\"@type\":\"ReadAction\",\"target\":[\"https:\\\/\\\/www.flottspa.it\\\/cookie-policy\\\/\"]}]},{\"@type\":\"BreadcrumbList\",\"@id\":\"https:\\\/\\\/www.flottspa.it\\\/cookie-policy\\\/#breadcrumb\",\"itemListElement\":[{\"@type\":\"ListItem\",\"position\":1,\"name\":\"Home\",\"item\":\"https:\\\/\\\/www.flottspa.it\\\/en\\\/home-2\\\/\"},{\"@type\":\"ListItem\",\"position\":2,\"name\":\"Cookie policy\"}]},{\"@type\":\"WebSite\",\"@id\":\"https:\\\/\\\/www.flottspa.it\\\/#website\",\"url\":\"https:\\\/\\\/www.flottspa.it\\\/\",\"name\":\"Flott Spa\",\"description\":\"Giallo Sole, Blu Sicilia...\",\"publisher\":{\"@id\":\"https:\\\/\\\/www.flottspa.it\\\/#organization\"},\"potentialAction\":[{\"@type\":\"SearchAction\",\"target\":{\"@type\":\"EntryPoint\",\"urlTemplate\":\"https:\\\/\\\/www.flottspa.it\\\/?s={search_term_string}\"},\"query-input\":{\"@type\":\"PropertyValueSpecification\",\"valueRequired\":true,\"valueName\":\"search_term_string\"}}],\"inLanguage\":\"en-US\"},{\"@type\":\"Organization\",\"@id\":\"https:\\\/\\\/www.flottspa.it\\\/#organization\",\"name\":\"Flott Spa\",\"url\":\"https:\\\/\\\/www.flottspa.it\\\/\",\"logo\":{\"@type\":\"ImageObject\",\"inLanguage\":\"en-US\",\"@id\":\"https:\\\/\\\/www.flottspa.it\\\/#\\\/schema\\\/logo\\\/image\\\/\",\"url\":\"https:\\\/\\\/www.flottspa.it\\\/wp-content\\\/uploads\\\/2021\\\/09\\\/logo-dark.png\",\"contentUrl\":\"https:\\\/\\\/www.flottspa.it\\\/wp-content\\\/uploads\\\/2021\\\/09\\\/logo-dark.png\",\"width\":389,\"height\":389,\"caption\":\"Flott Spa\"},\"image\":{\"@id\":\"https:\\\/\\\/www.flottspa.it\\\/#\\\/schema\\\/logo\\\/image\\\/\"}}]}<\/script>\n<!-- \/ Yoast SEO plugin. -->","yoast_head_json":{"title":"Cookie policy - Flott Spa","robots":{"index":"index","follow":"follow","max-snippet":"max-snippet:-1","max-image-preview":"max-image-preview:large","max-video-preview":"max-video-preview:-1"},"canonical":"https:\/\/www.flottspa.it\/cookie-policy\/","og_locale":"en_US","og_type":"article","og_title":"Cookie policy - Flott Spa","og_description":"Il sito web di flottspa.it che rimanda alla presente Policy sui Cookies (il \u201cSito\u201d), \u00e8 gestito da Flott Spa (\u201ctitolare\u201d, \u201cnoi\u201d, \u201cci\u201d, \u201cnostro\u201d). La presente policy sui cookies (\u201cPolicy sui [&hellip;]","og_url":"https:\/\/www.flottspa.it\/cookie-policy\/","og_site_name":"Flott Spa","article_modified_time":"2021-01-14T15:03:11+00:00","twitter_card":"summary_large_image","twitter_misc":{"Est. reading time":"7 minutes"},"schema":{"@context":"https:\/\/schema.org","@graph":[{"@type":"WebPage","@id":"https:\/\/www.flottspa.it\/cookie-policy\/","url":"https:\/\/www.flottspa.it\/cookie-policy\/","name":"Cookie policy - Flott Spa","isPartOf":{"@id":"https:\/\/www.flottspa.it\/#website"},"datePublished":"2021-01-14T15:03:10+00:00","dateModified":"2021-01-14T15:03:11+00:00","breadcrumb":{"@id":"https:\/\/www.flottspa.it\/cookie-policy\/#breadcrumb"},"inLanguage":"en-US","potentialAction":[{"@type":"ReadAction","target":["https:\/\/www.flottspa.it\/cookie-policy\/"]}]},{"@type":"BreadcrumbList","@id":"https:\/\/www.flottspa.it\/cookie-policy\/#breadcrumb","itemListElement":[{"@type":"ListItem","position":1,"name":"Home","item":"https:\/\/www.flottspa.it\/en\/home-2\/"},{"@type":"ListItem","position":2,"name":"Cookie policy"}]},{"@type":"WebSite","@id":"https:\/\/www.flottspa.it\/#website","url":"https:\/\/www.flottspa.it\/","name":"Flott Spa","description":"Giallo Sole, Blu Sicilia...","publisher":{"@id":"https:\/\/www.flottspa.it\/#organization"},"potentialAction":[{"@type":"SearchAction","target":{"@type":"EntryPoint","urlTemplate":"https:\/\/www.flottspa.it\/?s={search_term_string}"},"query-input":{"@type":"PropertyValueSpecification","valueRequired":true,"valueName":"search_term_string"}}],"inLanguage":"en-US"},{"@type":"Organization","@id":"https:\/\/www.flottspa.it\/#organization","name":"Flott Spa","url":"https:\/\/www.flottspa.it\/","logo":{"@type":"ImageObject","inLanguage":"en-US","@id":"https:\/\/www.flottspa.it\/#\/schema\/logo\/image\/","url":"https:\/\/www.flottspa.it\/wp-content\/uploads\/2021\/09\/logo-dark.png","contentUrl":"https:\/\/www.flottspa.it\/wp-content\/uploads\/2021\/09\/logo-dark.png","width":389,"height":389,"caption":"Flott Spa"},"image":{"@id":"https:\/\/www.flottspa.it\/#\/schema\/logo\/image\/"}}]}},"_links":{"self":[{"href":"https:\/\/www.flottspa.it\/en\/wp-json\/wp\/v2\/pages\/1663","targetHints":{"allow":["GET"]}}],"collection":[{"href":"https:\/\/www.flottspa.it\/en\/wp-json\/wp\/v2\/pages"}],"about":[{"href":"https:\/\/www.flottspa.it\/en\/wp-json\/wp\/v2\/types\/page"}],"author":[{"embeddable":true,"href":"https:\/\/www.flottspa.it\/en\/wp-json\/wp\/v2\/users\/1"}],"replies":[{"embeddable":true,"href":"https:\/\/www.flottspa.it\/en\/wp-json\/wp\/v2\/comments?post=1663"}],"version-history":[{"count":1,"href":"https:\/\/www.flottspa.it\/en\/wp-json\/wp\/v2\/pages\/1663\/revisions"}],"predecessor-version":[{"id":1664,"href":"https:\/\/www.flottspa.it\/en\/wp-json\/wp\/v2\/pages\/1663\/revisions\/1664"}],"wp:attachment":[{"href":"https:\/\/www.flottspa.it\/en\/wp-json\/wp\/v2\/media?parent=1663"}],"curies":[{"name":"wp","href":"https:\/\/api.w.org\/{rel}","templated":true}]}}